{"id":150,"date":"2026-01-15T09:57:17","date_gmt":"2026-01-15T09:57:17","guid":{"rendered":"https:\/\/www.sace.ad\/?page_id=150"},"modified":"2026-01-15T11:20:02","modified_gmt":"2026-01-15T11:20:02","slug":"industria-4-0-iot","status":"publish","type":"page","link":"https:\/\/www.sace.ad\/?page_id=150","title":{"rendered":"Ind\u00fastria 4.0 (IoT)"},"content":{"rendered":"\t\t<div data-elementor-type=\"wp-page\" data-elementor-id=\"150\" class=\"elementor elementor-150\">\n\t\t\t\t<div class=\"elementor-element elementor-element-9d0d910 e-flex e-con-boxed e-con e-parent\" data-id=\"9d0d910\" data-element_type=\"container\">\n\t\t\t\t\t<div class=\"e-con-inner\">\n\t\t\t\t<div class=\"elementor-element elementor-element-b76e82e elementor-widget elementor-widget-image\" data-id=\"b76e82e\" data-element_type=\"widget\" data-widget_type=\"image.default\">\n\t\t\t\t\t\t\t\t\t\t\t\t\t\t\t<img fetchpriority=\"high\" decoding=\"async\" width=\"1024\" height=\"374\" src=\"https:\/\/www.sace.ad\/wp-content\/uploads\/2026\/01\/Sace-IOT-1024x374.png\" class=\"attachment-large size-large wp-image-369\" alt=\"\" srcset=\"https:\/\/www.sace.ad\/wp-content\/uploads\/2026\/01\/Sace-IOT-1024x374.png 1024w, https:\/\/www.sace.ad\/wp-content\/uploads\/2026\/01\/Sace-IOT-300x110.png 300w, https:\/\/www.sace.ad\/wp-content\/uploads\/2026\/01\/Sace-IOT-768x281.png 768w, https:\/\/www.sace.ad\/wp-content\/uploads\/2026\/01\/Sace-IOT.png 1352w\" sizes=\"(max-width: 1024px) 100vw, 1024px\" \/>\t\t\t\t\t\t\t\t\t\t\t\t\t\t\t<\/div>\n\t\t\t\t\t<\/div>\n\t\t\t\t<\/div>\n\t\t<div class=\"elementor-element elementor-element-767a49c e-flex e-con-boxed e-con e-parent\" data-id=\"767a49c\" data-element_type=\"container\">\n\t\t\t\t\t<div class=\"e-con-inner\">\n\t\t<div class=\"elementor-element elementor-element-8732f76 e-con-full e-flex e-con e-child\" data-id=\"8732f76\" data-element_type=\"container\">\n\t\t\t\t<div class=\"elementor-element elementor-element-cffa6cc elementor-widget elementor-widget-icon-box\" data-id=\"cffa6cc\" data-element_type=\"widget\" data-widget_type=\"icon-box.default\">\n\t\t\t\t\t\t\t<div class=\"elementor-icon-box-wrapper\">\n\n\t\t\t\n\t\t\t\t\t\t<div class=\"elementor-icon-box-content\">\n\n\t\t\t\t\t\t\t\t\t<h3 class=\"elementor-icon-box-title\">\n\t\t\t\t\t\t<span  >\n\t\t\t\t\t\t\tSERVEIS SACE PER A LA IND\u00daSTRIA 4.0\t\t\t\t\t\t<\/span>\n\t\t\t\t\t<\/h3>\n\t\t\t\t\n\t\t\t\t\n\t\t\t<\/div>\n\t\t\t\n\t\t<\/div>\n\t\t\t\t\t\t<\/div>\n\t\t<div class=\"elementor-element elementor-element-89d1414 e-grid e-con-full e-con e-child\" data-id=\"89d1414\" data-element_type=\"container\">\n\t\t\t\t<div class=\"elementor-element elementor-element-cf71ac3 elementor-widget elementor-widget-image\" data-id=\"cf71ac3\" data-element_type=\"widget\" data-widget_type=\"image.default\">\n\t\t\t\t\t\t\t\t\t\t\t\t\t\t\t<img decoding=\"async\" width=\"109\" height=\"101\" src=\"https:\/\/www.sace.ad\/wp-content\/uploads\/2026\/01\/check.png\" class=\"attachment-large size-large wp-image-360\" alt=\"\" \/>\t\t\t\t\t\t\t\t\t\t\t\t\t\t\t<\/div>\n\t\t\t\t<div class=\"elementor-element elementor-element-55d06b3 elementor-widget elementor-widget-text-editor\" data-id=\"55d06b3\" data-element_type=\"widget\" data-widget_type=\"text-editor.default\">\n\t\t\t\t\t\t\t\t\t<p><strong><span style=\"color: #000000;\">IOT INTERNET DE LES COSES:<\/span><\/strong><br \/>M\u00e0quines i dispositius connectats a internet.<\/p>\t\t\t\t\t\t\t\t<\/div>\n\t\t\t\t<div class=\"elementor-element elementor-element-a3afca3 elementor-widget elementor-widget-image\" data-id=\"a3afca3\" data-element_type=\"widget\" data-widget_type=\"image.default\">\n\t\t\t\t\t\t\t\t\t\t\t\t\t\t\t<img decoding=\"async\" width=\"109\" height=\"101\" src=\"https:\/\/www.sace.ad\/wp-content\/uploads\/2026\/01\/check.png\" class=\"attachment-large size-large wp-image-360\" alt=\"\" \/>\t\t\t\t\t\t\t\t\t\t\t\t\t\t\t<\/div>\n\t\t\t\t<div class=\"elementor-element elementor-element-6ec4298 elementor-widget elementor-widget-text-editor\" data-id=\"6ec4298\" data-element_type=\"widget\" data-widget_type=\"text-editor.default\">\n\t\t\t\t\t\t\t\t\t<p><strong><span style=\"color: #000000;\">MES Manufacturing Execution System:<\/span><\/strong><br \/>Interconnexi\u00f3 de xarxes <strong><span style=\"color: #000000;\">ERP<\/span> <\/strong>amb la xarxa industrial. Flux bidireccional de dades.<\/p>\t\t\t\t\t\t\t\t<\/div>\n\t\t\t\t<div class=\"elementor-element elementor-element-ee93ed8 elementor-widget elementor-widget-image\" data-id=\"ee93ed8\" data-element_type=\"widget\" data-widget_type=\"image.default\">\n\t\t\t\t\t\t\t\t\t\t\t\t\t\t\t<img decoding=\"async\" width=\"109\" height=\"101\" src=\"https:\/\/www.sace.ad\/wp-content\/uploads\/2026\/01\/check.png\" class=\"attachment-large size-large wp-image-360\" alt=\"\" \/>\t\t\t\t\t\t\t\t\t\t\t\t\t\t\t<\/div>\n\t\t\t\t<div class=\"elementor-element elementor-element-cf97d92 elementor-widget elementor-widget-text-editor\" data-id=\"cf97d92\" data-element_type=\"widget\" data-widget_type=\"text-editor.default\">\n\t\t\t\t\t\t\t\t\t<p><strong><span style=\"color: #000000;\">Comunicacions 4G<\/span><\/strong> i serveis de<br \/><strong><span style=\"color: #000000;\">geolocalitzaci\u00f3<\/span><\/strong> amb actius remots<\/p>\t\t\t\t\t\t\t\t<\/div>\n\t\t\t\t<div class=\"elementor-element elementor-element-6fcb943 elementor-widget elementor-widget-image\" data-id=\"6fcb943\" data-element_type=\"widget\" data-widget_type=\"image.default\">\n\t\t\t\t\t\t\t\t\t\t\t\t\t\t\t<img decoding=\"async\" width=\"109\" height=\"101\" src=\"https:\/\/www.sace.ad\/wp-content\/uploads\/2026\/01\/check.png\" class=\"attachment-large size-large wp-image-360\" alt=\"\" \/>\t\t\t\t\t\t\t\t\t\t\t\t\t\t\t<\/div>\n\t\t\t\t<div class=\"elementor-element elementor-element-bc38ddf elementor-widget elementor-widget-text-editor\" data-id=\"bc38ddf\" data-element_type=\"widget\" data-widget_type=\"text-editor.default\">\n\t\t\t\t\t\t\t\t\t<p>Serveis de telegesti\u00f3 d\u2019automatitzaci\u00f3 mitjan\u00e7ant <strong><span style=\"color: #000000;\">VPN<\/span><\/strong> industrial.<\/p>\t\t\t\t\t\t\t\t<\/div>\n\t\t\t\t<\/div>\n\t\t\t\t<\/div>\n\t\t<div class=\"elementor-element elementor-element-368c13b e-con-full e-flex e-con e-child\" data-id=\"368c13b\" data-element_type=\"container\">\n\t\t\t\t<div class=\"elementor-element elementor-element-f2fb21b elementor-widget elementor-widget-icon-box\" data-id=\"f2fb21b\" data-element_type=\"widget\" data-widget_type=\"icon-box.default\">\n\t\t\t\t\t\t\t<div class=\"elementor-icon-box-wrapper\">\n\n\t\t\t\n\t\t\t\t\t\t<div class=\"elementor-icon-box-content\">\n\n\t\t\t\t\t\t\t\t\t<h3 class=\"elementor-icon-box-title\">\n\t\t\t\t\t\t<span  >\n\t\t\t\t\t\t\tAVANTATGES\t\t\t\t\t\t<\/span>\n\t\t\t\t\t<\/h3>\n\t\t\t\t\n\t\t\t\t\n\t\t\t<\/div>\n\t\t\t\n\t\t<\/div>\n\t\t\t\t\t\t<\/div>\n\t\t\t\t<div class=\"elementor-element elementor-element-9dd59c8 elementor-widget elementor-widget-text-editor\" data-id=\"9dd59c8\" data-element_type=\"widget\" data-widget_type=\"text-editor.default\">\n\t\t\t\t\t\t\t\t\t<p>\u2022 <strong><span style=\"color: #000000;\">M\u00e9s i millor informaci\u00f3, control i \/ o tra\u00e7abilitat<\/span><\/strong> sobre el proc\u00e9s productiu.<br \/>\u2022 <strong><span style=\"color: #000000;\">Parametritzaci\u00f3 de l\u2019automatitzaci\u00f3.<\/span><\/strong> Ajustos comandats a partir de la pr\u00f2pia comanda\/ERP.<br \/>\u2022 <strong><span style=\"color: #000000;\">Gesti\u00f3 remota<\/span><\/strong> de les incid\u00e8ncies de planta.<br \/>\u2022<strong><span style=\"color: #000000;\"> Interconnexi\u00f3<\/span><\/strong> de processos geoespaciats a temps real.<br \/>\u2022 <strong><span style=\"color: #000000;\">Generaci\u00f3 d\u2019alarmes<\/span><\/strong> de servei en processos semi o totalment desatesos.<br \/>\u2022 <strong><span style=\"color: #000000;\">Acc\u00e9s als processos<\/span><\/strong> de fabricaci\u00f3 a qualsevol moment i \/ o localitzaci\u00f3 amb una simple connexi\u00f3 internet.<br \/>\u2022 <strong><span style=\"color: #000000;\">Panells personalitzats<\/span><\/strong> dissenyats per interpretar i tenir un control exhaustiu i clar de les dades obtingudes. I aix\u00ed poder extreure conclusions d\u2019una forma r\u00e0pida i precisa.<\/p>\t\t\t\t\t\t\t\t<\/div>\n\t\t\t\t<\/div>\n\t\t\t\t\t<\/div>\n\t\t\t\t<\/div>\n\t\t<div class=\"elementor-element elementor-element-3c5a60f e-flex e-con-boxed e-con e-parent\" data-id=\"3c5a60f\" data-element_type=\"container\">\n\t\t\t\t\t<div class=\"e-con-inner\">\n\t\t\t\t<div class=\"elementor-element elementor-element-7240070 elementor-position-inline-start elementor-view-default elementor-mobile-position-block-start elementor-widget elementor-widget-icon-box\" data-id=\"7240070\" data-element_type=\"widget\" data-widget_type=\"icon-box.default\">\n\t\t\t\t\t\t\t<div class=\"elementor-icon-box-wrapper\">\n\n\t\t\t\t\t\t<div class=\"elementor-icon-box-icon\">\n\t\t\t\t<span  class=\"elementor-icon\">\n\t\t\t\t<svg aria-hidden=\"true\" class=\"e-font-icon-svg e-fas-cloud-sun-rain\" viewBox=\"0 0 576 512\" xmlns=\"http:\/\/www.w3.org\/2000\/svg\"><path d=\"M510.5 225.5c-6.9-37.2-39.3-65.5-78.5-65.5-12.3 0-23.9 3-34.3 8-17.4-24.1-45.6-40-77.7-40-53 0-96 43-96 96 0 .5.2 1.1.2 1.6C187.6 233 160 265.2 160 304c0 44.2 35.8 80 80 80h256c44.2 0 80-35.8 80-80 0-39.2-28.2-71.7-65.5-78.5zm-386.4 34.4c-37.4-37.4-37.4-98.3 0-135.8 34.6-34.6 89.1-36.8 126.7-7.4 20-12.9 43.6-20.7 69.2-20.7.7 0 1.3.2 2 .2l8.9-26.7c3.4-10.2-6.3-19.8-16.5-16.4l-75.3 25.1-35.5-71c-4.8-9.6-18.5-9.6-23.3 0l-35.5 71-75.3-25.1c-10.2-3.4-19.8 6.3-16.4 16.5l25.1 75.3-71 35.5c-9.6 4.8-9.6 18.5 0 23.3l71 35.5-25.1 75.3c-3.4 10.2 6.3 19.8 16.5 16.5l59.2-19.7c-.2-2.4-.7-4.7-.7-7.2 0-12.5 2.3-24.5 6.2-35.9-3.6-2.7-7.1-5.2-10.2-8.3zm69.8-58c4.3-24.5 15.8-46.4 31.9-64-9.8-6.2-21.4-9.9-33.8-9.9-35.3 0-64 28.7-64 64 0 18.7 8.2 35.4 21.1 47.1 11.3-15.9 26.6-28.9 44.8-37.2zm330.6 216.2c-7.6-4.3-17.4-1.8-21.8 6l-36.6 64c-4.4 7.7-1.7 17.4 6 21.8 2.5 1.4 5.2 2.1 7.9 2.1 5.5 0 10.9-2.9 13.9-8.1l36.6-64c4.3-7.7 1.7-17.4-6-21.8zm-96 0c-7.6-4.3-17.4-1.8-21.8 6l-36.6 64c-4.4 7.7-1.7 17.4 6 21.8 2.5 1.4 5.2 2.1 7.9 2.1 5.5 0 10.9-2.9 13.9-8.1l36.6-64c4.3-7.7 1.7-17.4-6-21.8zm-96 0c-7.6-4.3-17.4-1.8-21.8 6l-36.6 64c-4.4 7.7-1.7 17.4 6 21.8 2.5 1.4 5.2 2.1 7.9 2.1 5.5 0 10.9-2.9 13.9-8.1l36.6-64c4.3-7.7 1.7-17.4-6-21.8zm-96 0c-7.6-4.3-17.4-1.8-21.8 6l-36.6 64c-4.4 7.7-1.7 17.4 6 21.8 2.5 1.4 5.2 2.1 7.9 2.1 5.5 0 10.9-2.9 13.9-8.1l36.6-64c4.3-7.7 1.7-17.4-6-21.8z\"><\/path><\/svg>\t\t\t\t<\/span>\n\t\t\t<\/div>\n\t\t\t\n\t\t\t\t\t\t<div class=\"elementor-icon-box-content\">\n\n\t\t\t\t\t\t\t\t\t<h3 class=\"elementor-icon-box-title\">\n\t\t\t\t\t\t<span  >\n\t\t\t\t\t\t\tMONITORITZACI\u00d3 DE LA PRODUCCI\u00d3 EL\u00c8CTRICA D\u2019UNA INSTAL\u00b7LACI\u00d3 FOTOVOLTAICA DE 18kW MITJAN\u00c7ANT TECNOLOGIA 4.0 (IOT), UTILIZANT LA PLATAFORMA SENTILO (ADMINISTRACI\u00d3 P\u00daBLICA)\t\t\t\t\t\t<\/span>\n\t\t\t\t\t<\/h3>\n\t\t\t\t\n\t\t\t\t\n\t\t\t<\/div>\n\t\t\t\n\t\t<\/div>\n\t\t\t\t\t\t<\/div>\n\t\t\t\t\t<\/div>\n\t\t\t\t<\/div>\n\t\t<div class=\"elementor-element elementor-element-ae086cb e-flex e-con-boxed e-con e-parent\" data-id=\"ae086cb\" data-element_type=\"container\">\n\t\t\t\t\t<div class=\"e-con-inner\">\n\t\t<div class=\"elementor-element elementor-element-9a7d58e e-con-full e-flex e-con e-child\" data-id=\"9a7d58e\" data-element_type=\"container\">\n\t\t\t\t<div class=\"elementor-element elementor-element-ed0eaf3 elementor-widget elementor-widget-image\" data-id=\"ed0eaf3\" data-element_type=\"widget\" data-widget_type=\"image.default\">\n\t\t\t\t\t\t\t\t\t\t\t\t\t\t\t<img decoding=\"async\" width=\"230\" height=\"235\" src=\"https:\/\/www.sace.ad\/wp-content\/uploads\/2026\/01\/ESTAT-DE-carrega.png\" class=\"attachment-large size-large wp-image-361\" alt=\"\" \/>\t\t\t\t\t\t\t\t\t\t\t\t\t\t\t<\/div>\n\t\t\t\t<div class=\"elementor-element elementor-element-295600a elementor-widget elementor-widget-text-editor\" data-id=\"295600a\" data-element_type=\"widget\" data-widget_type=\"text-editor.default\">\n\t\t\t\t\t\t\t\t\t<p><strong><span style=\"color: #000000;\">ESTAT DE L\u2019ALIMENTACI\u00d3 ESTAT DE <\/span><\/strong><strong><span style=\"color: #000000;\">LA C\u00c0RREGA 80% I 100% ESTAT DEL <\/span><\/strong><strong><span style=\"color: #000000;\">FUNCIONAMENT TEMPERATURA<\/span><\/strong><\/p>\t\t\t\t\t\t\t\t<\/div>\n\t\t\t\t<\/div>\n\t\t<div class=\"elementor-element elementor-element-8581c61 e-con-full e-flex e-con e-child\" data-id=\"8581c61\" data-element_type=\"container\">\n\t\t\t\t<div class=\"elementor-element elementor-element-f050608 elementor-widget elementor-widget-image\" data-id=\"f050608\" data-element_type=\"widget\" data-widget_type=\"image.default\">\n\t\t\t\t\t\t\t\t\t\t\t\t\t\t\t<img loading=\"lazy\" decoding=\"async\" width=\"209\" height=\"236\" src=\"https:\/\/www.sace.ad\/wp-content\/uploads\/2026\/01\/Quadre-elecrtic.png\" class=\"attachment-large size-large wp-image-362\" alt=\"\" \/>\t\t\t\t\t\t\t\t\t\t\t\t\t\t\t<\/div>\n\t\t\t\t<div class=\"elementor-element elementor-element-bd6c3d6 elementor-widget elementor-widget-text-editor\" data-id=\"bd6c3d6\" data-element_type=\"widget\" data-widget_type=\"text-editor.default\">\n\t\t\t\t\t\t\t\t\t<p><strong><span style=\"color: #000000;\">CONSTRUCCI\u00d3 S\u00d2LIDA I FIABLEMESURES COMPACTES 21x28x13*<\/span><\/strong><br \/><strong><span style=\"color: #000000;\">*Adaptable segons projecte.<\/span><\/strong><\/p>\t\t\t\t\t\t\t\t<\/div>\n\t\t\t\t<\/div>\n\t\t<div class=\"elementor-element elementor-element-7c79fa9 e-con-full e-flex e-con e-child\" data-id=\"7c79fa9\" data-element_type=\"container\">\n\t\t\t\t<div class=\"elementor-element elementor-element-758e64b elementor-widget elementor-widget-image\" data-id=\"758e64b\" data-element_type=\"widget\" data-widget_type=\"image.default\">\n\t\t\t\t\t\t\t\t\t\t\t\t\t\t\t<img loading=\"lazy\" decoding=\"async\" width=\"131\" height=\"237\" src=\"https:\/\/www.sace.ad\/wp-content\/uploads\/2026\/01\/App-movil.png\" class=\"attachment-large size-large wp-image-363\" alt=\"\" \/>\t\t\t\t\t\t\t\t\t\t\t\t\t\t\t<\/div>\n\t\t\t\t<div class=\"elementor-element elementor-element-44654e3 elementor-widget elementor-widget-text-editor\" data-id=\"44654e3\" data-element_type=\"widget\" data-widget_type=\"text-editor.default\">\n\t\t\t\t\t\t\t\t\t<p><strong><span style=\"color: #000000;\">APP DE CONTROL I SUPERVISI\u00d3: COMPATIBILITAT ANDROID \/ IOS \/ WINDOWS \/ MAC OSX \/ Smart TV<\/span><\/strong><\/p>\t\t\t\t\t\t\t\t<\/div>\n\t\t\t\t<\/div>\n\t\t\t\t\t<\/div>\n\t\t\t\t<\/div>\n\t\t<div class=\"elementor-element elementor-element-92e4ed5 e-flex e-con-boxed e-con e-parent\" data-id=\"92e4ed5\" data-element_type=\"container\">\n\t\t\t\t\t<div class=\"e-con-inner\">\n\t\t\t\t<div class=\"elementor-element elementor-element-7558397 elementor-position-inline-start elementor-view-default elementor-mobile-position-block-start elementor-widget elementor-widget-icon-box\" data-id=\"7558397\" data-element_type=\"widget\" data-widget_type=\"icon-box.default\">\n\t\t\t\t\t\t\t<div class=\"elementor-icon-box-wrapper\">\n\n\t\t\t\t\t\t<div class=\"elementor-icon-box-icon\">\n\t\t\t\t<span  class=\"elementor-icon\">\n\t\t\t\t<svg aria-hidden=\"true\" class=\"e-font-icon-svg e-fas-cloud-sun-rain\" viewBox=\"0 0 576 512\" xmlns=\"http:\/\/www.w3.org\/2000\/svg\"><path d=\"M510.5 225.5c-6.9-37.2-39.3-65.5-78.5-65.5-12.3 0-23.9 3-34.3 8-17.4-24.1-45.6-40-77.7-40-53 0-96 43-96 96 0 .5.2 1.1.2 1.6C187.6 233 160 265.2 160 304c0 44.2 35.8 80 80 80h256c44.2 0 80-35.8 80-80 0-39.2-28.2-71.7-65.5-78.5zm-386.4 34.4c-37.4-37.4-37.4-98.3 0-135.8 34.6-34.6 89.1-36.8 126.7-7.4 20-12.9 43.6-20.7 69.2-20.7.7 0 1.3.2 2 .2l8.9-26.7c3.4-10.2-6.3-19.8-16.5-16.4l-75.3 25.1-35.5-71c-4.8-9.6-18.5-9.6-23.3 0l-35.5 71-75.3-25.1c-10.2-3.4-19.8 6.3-16.4 16.5l25.1 75.3-71 35.5c-9.6 4.8-9.6 18.5 0 23.3l71 35.5-25.1 75.3c-3.4 10.2 6.3 19.8 16.5 16.5l59.2-19.7c-.2-2.4-.7-4.7-.7-7.2 0-12.5 2.3-24.5 6.2-35.9-3.6-2.7-7.1-5.2-10.2-8.3zm69.8-58c4.3-24.5 15.8-46.4 31.9-64-9.8-6.2-21.4-9.9-33.8-9.9-35.3 0-64 28.7-64 64 0 18.7 8.2 35.4 21.1 47.1 11.3-15.9 26.6-28.9 44.8-37.2zm330.6 216.2c-7.6-4.3-17.4-1.8-21.8 6l-36.6 64c-4.4 7.7-1.7 17.4 6 21.8 2.5 1.4 5.2 2.1 7.9 2.1 5.5 0 10.9-2.9 13.9-8.1l36.6-64c4.3-7.7 1.7-17.4-6-21.8zm-96 0c-7.6-4.3-17.4-1.8-21.8 6l-36.6 64c-4.4 7.7-1.7 17.4 6 21.8 2.5 1.4 5.2 2.1 7.9 2.1 5.5 0 10.9-2.9 13.9-8.1l36.6-64c4.3-7.7 1.7-17.4-6-21.8zm-96 0c-7.6-4.3-17.4-1.8-21.8 6l-36.6 64c-4.4 7.7-1.7 17.4 6 21.8 2.5 1.4 5.2 2.1 7.9 2.1 5.5 0 10.9-2.9 13.9-8.1l36.6-64c4.3-7.7 1.7-17.4-6-21.8zm-96 0c-7.6-4.3-17.4-1.8-21.8 6l-36.6 64c-4.4 7.7-1.7 17.4 6 21.8 2.5 1.4 5.2 2.1 7.9 2.1 5.5 0 10.9-2.9 13.9-8.1l36.6-64c4.3-7.7 1.7-17.4-6-21.8z\"><\/path><\/svg>\t\t\t\t<\/span>\n\t\t\t<\/div>\n\t\t\t\n\t\t\t\t\t\t<div class=\"elementor-icon-box-content\">\n\n\t\t\t\t\t\t\t\t\t<h3 class=\"elementor-icon-box-title\">\n\t\t\t\t\t\t<span  >\n\t\t\t\t\t\t\tMONITORITZACI\u00d3 DE LA PRODUCCI\u00d3 EL\u00c8CTRICA D\u2019UNA INSTAL\u00b7LACI\u00d3 FOTOVOLTAICA DE 18kW MITJAN\u00c7ANT TECNOLOGIA 4.0 (IOT), UTILIZANT LA PLATAFORMA SENTILO (ADMINISTRACI\u00d3 P\u00daBLICA)\t\t\t\t\t\t<\/span>\n\t\t\t\t\t<\/h3>\n\t\t\t\t\n\t\t\t\t\n\t\t\t<\/div>\n\t\t\t\n\t\t<\/div>\n\t\t\t\t\t\t<\/div>\n\t\t\t\t<div class=\"elementor-element elementor-element-915a3a1 elementor-widget elementor-widget-image\" data-id=\"915a3a1\" data-element_type=\"widget\" data-widget_type=\"image.default\">\n\t\t\t\t\t\t\t\t\t\t\t\t\t\t\t<img loading=\"lazy\" decoding=\"async\" width=\"1024\" height=\"454\" src=\"https:\/\/www.sace.ad\/wp-content\/uploads\/2026\/01\/MONITORITZACIO-DE-LA-PRODUCCIO-ELECTRICA-1024x454.png\" class=\"attachment-large size-large wp-image-358\" alt=\"\" srcset=\"https:\/\/www.sace.ad\/wp-content\/uploads\/2026\/01\/MONITORITZACIO-DE-LA-PRODUCCIO-ELECTRICA-1024x454.png 1024w, https:\/\/www.sace.ad\/wp-content\/uploads\/2026\/01\/MONITORITZACIO-DE-LA-PRODUCCIO-ELECTRICA-300x133.png 300w, https:\/\/www.sace.ad\/wp-content\/uploads\/2026\/01\/MONITORITZACIO-DE-LA-PRODUCCIO-ELECTRICA-768x341.png 768w, https:\/\/www.sace.ad\/wp-content\/uploads\/2026\/01\/MONITORITZACIO-DE-LA-PRODUCCIO-ELECTRICA.png 1145w\" sizes=\"(max-width: 1024px) 100vw, 1024px\" \/>\t\t\t\t\t\t\t\t\t\t\t\t\t\t\t<\/div>\n\t\t\t\t\t<\/div>\n\t\t\t\t<\/div>\n\t\t<div class=\"elementor-element elementor-element-e8824ae e-flex e-con-boxed e-con e-parent\" data-id=\"e8824ae\" data-element_type=\"container\">\n\t\t\t\t\t<div class=\"e-con-inner\">\n\t\t\t\t<div class=\"elementor-element elementor-element-bfd9fb0 elementor-position-inline-start elementor-view-default elementor-mobile-position-block-start elementor-widget elementor-widget-icon-box\" data-id=\"bfd9fb0\" data-element_type=\"widget\" data-widget_type=\"icon-box.default\">\n\t\t\t\t\t\t\t<div class=\"elementor-icon-box-wrapper\">\n\n\t\t\t\t\t\t<div class=\"elementor-icon-box-icon\">\n\t\t\t\t<span  class=\"elementor-icon\">\n\t\t\t\t<svg aria-hidden=\"true\" class=\"e-font-icon-svg e-fas-cloud-sun-rain\" viewBox=\"0 0 576 512\" xmlns=\"http:\/\/www.w3.org\/2000\/svg\"><path d=\"M510.5 225.5c-6.9-37.2-39.3-65.5-78.5-65.5-12.3 0-23.9 3-34.3 8-17.4-24.1-45.6-40-77.7-40-53 0-96 43-96 96 0 .5.2 1.1.2 1.6C187.6 233 160 265.2 160 304c0 44.2 35.8 80 80 80h256c44.2 0 80-35.8 80-80 0-39.2-28.2-71.7-65.5-78.5zm-386.4 34.4c-37.4-37.4-37.4-98.3 0-135.8 34.6-34.6 89.1-36.8 126.7-7.4 20-12.9 43.6-20.7 69.2-20.7.7 0 1.3.2 2 .2l8.9-26.7c3.4-10.2-6.3-19.8-16.5-16.4l-75.3 25.1-35.5-71c-4.8-9.6-18.5-9.6-23.3 0l-35.5 71-75.3-25.1c-10.2-3.4-19.8 6.3-16.4 16.5l25.1 75.3-71 35.5c-9.6 4.8-9.6 18.5 0 23.3l71 35.5-25.1 75.3c-3.4 10.2 6.3 19.8 16.5 16.5l59.2-19.7c-.2-2.4-.7-4.7-.7-7.2 0-12.5 2.3-24.5 6.2-35.9-3.6-2.7-7.1-5.2-10.2-8.3zm69.8-58c4.3-24.5 15.8-46.4 31.9-64-9.8-6.2-21.4-9.9-33.8-9.9-35.3 0-64 28.7-64 64 0 18.7 8.2 35.4 21.1 47.1 11.3-15.9 26.6-28.9 44.8-37.2zm330.6 216.2c-7.6-4.3-17.4-1.8-21.8 6l-36.6 64c-4.4 7.7-1.7 17.4 6 21.8 2.5 1.4 5.2 2.1 7.9 2.1 5.5 0 10.9-2.9 13.9-8.1l36.6-64c4.3-7.7 1.7-17.4-6-21.8zm-96 0c-7.6-4.3-17.4-1.8-21.8 6l-36.6 64c-4.4 7.7-1.7 17.4 6 21.8 2.5 1.4 5.2 2.1 7.9 2.1 5.5 0 10.9-2.9 13.9-8.1l36.6-64c4.3-7.7 1.7-17.4-6-21.8zm-96 0c-7.6-4.3-17.4-1.8-21.8 6l-36.6 64c-4.4 7.7-1.7 17.4 6 21.8 2.5 1.4 5.2 2.1 7.9 2.1 5.5 0 10.9-2.9 13.9-8.1l36.6-64c4.3-7.7 1.7-17.4-6-21.8zm-96 0c-7.6-4.3-17.4-1.8-21.8 6l-36.6 64c-4.4 7.7-1.7 17.4 6 21.8 2.5 1.4 5.2 2.1 7.9 2.1 5.5 0 10.9-2.9 13.9-8.1l36.6-64c4.3-7.7 1.7-17.4-6-21.8z\"><\/path><\/svg>\t\t\t\t<\/span>\n\t\t\t<\/div>\n\t\t\t\n\t\t\t\t\t\t<div class=\"elementor-icon-box-content\">\n\n\t\t\t\t\t\t\t\t\t<h3 class=\"elementor-icon-box-title\">\n\t\t\t\t\t\t<span  >\n\t\t\t\t\t\t\tENLLA\u00c7 MES (MANUFACTURING EXECUTION SYSTEM) PER A UN PROJECTE DE PARAMETRITZACI\u00d3 DE LA PRODUCCI\u00d3 MITJAN\u00c7ANT TECNOLOGIA 4.0 (IOT)\t\t\t\t\t\t<\/span>\n\t\t\t\t\t<\/h3>\n\t\t\t\t\n\t\t\t\t\n\t\t\t<\/div>\n\t\t\t\n\t\t<\/div>\n\t\t\t\t\t\t<\/div>\n\t\t\t\t<div class=\"elementor-element elementor-element-611e7fa elementor-widget elementor-widget-image\" data-id=\"611e7fa\" data-element_type=\"widget\" data-widget_type=\"image.default\">\n\t\t\t\t\t\t\t\t\t\t\t\t\t\t\t<img loading=\"lazy\" decoding=\"async\" width=\"1024\" height=\"739\" src=\"https:\/\/www.sace.ad\/wp-content\/uploads\/2026\/01\/IOT-4.0-1024x739.png\" class=\"attachment-large size-large wp-image-359\" alt=\"\" srcset=\"https:\/\/www.sace.ad\/wp-content\/uploads\/2026\/01\/IOT-4.0-1024x739.png 1024w, https:\/\/www.sace.ad\/wp-content\/uploads\/2026\/01\/IOT-4.0-300x216.png 300w, https:\/\/www.sace.ad\/wp-content\/uploads\/2026\/01\/IOT-4.0-768x554.png 768w, https:\/\/www.sace.ad\/wp-content\/uploads\/2026\/01\/IOT-4.0.png 1102w\" sizes=\"(max-width: 1024px) 100vw, 1024px\" \/>\t\t\t\t\t\t\t\t\t\t\t\t\t\t\t<\/div>\n\t\t\t\t\t<\/div>\n\t\t\t\t<\/div>\n\t\t\t\t<\/div>\n\t\t","protected":false},"excerpt":{"rendered":"<p>SERVEIS SACE PER A LA IND\u00daSTRIA 4.0 IOT INTERNET DE LES COSES:M\u00e0quines i dispositius connectats a internet. MES Manufacturing Execution [&hellip;]<\/p>\n","protected":false},"author":1,"featured_media":0,"parent":0,"menu_order":0,"comment_status":"closed","ping_status":"closed","template":"","meta":{"site-sidebar-layout":"no-sidebar","site-content-layout":"","ast-site-content-layout":"full-width-container","site-content-style":"default","site-sidebar-style":"default","ast-global-header-display":"","ast-banner-title-visibility":"","ast-main-header-display":"","ast-hfb-above-header-display":"","ast-hfb-below-header-display":"","ast-hfb-mobile-header-display":"","site-post-title":"","ast-breadcrumbs-content":"","ast-featured-img":"disabled","footer-sml-layout":"","ast-disable-related-posts":"","theme-transparent-header-meta":"","adv-header-id-meta":"","stick-header-meta":"","header-above-stick-meta":"","header-main-stick-meta":"","header-below-stick-meta":"","astra-migrate-meta-layouts":"default","ast-page-background-enabled":"default","ast-page-background-meta":{"desktop":{"background-color":"var(--ast-global-color-5)","background-image":"","background-repeat":"repeat","background-position":"center center","background-size":"auto","background-attachment":"scroll","background-type":"","background-media":"","overlay-type":"","overlay-color":"","overlay-opacity":"","overlay-gradient":""},"tablet":{"background-color":"","background-image":"","background-repeat":"repeat","background-position":"center center","background-size":"auto","background-attachment":"scroll","background-type":"","background-media":"","overlay-type":"","overlay-color":"","overlay-opacity":"","overlay-gradient":""},"mobile":{"background-color":"","background-image":"","background-repeat":"repeat","background-position":"center center","background-size":"auto","background-attachment":"scroll","background-type":"","background-media":"","overlay-type":"","overlay-color":"","overlay-opacity":"","overlay-gradient":""}},"ast-content-background-meta":{"desktop":{"background-color":"var(--ast-global-color-4)","background-image":"","background-repeat":"repeat","background-position":"center center","background-size":"auto","background-attachment":"scroll","background-type":"","background-media":"","overlay-type":"","overlay-color":"","overlay-opacity":"","overlay-gradient":""},"tablet":{"background-color":"var(--ast-global-color-4)","background-image":"","background-repeat":"repeat","background-position":"center center","background-size":"auto","background-attachment":"scroll","background-type":"","background-media":"","overlay-type":"","overlay-color":"","overlay-opacity":"","overlay-gradient":""},"mobile":{"background-color":"var(--ast-global-color-4)","background-image":"","background-repeat":"repeat","background-position":"center center","background-size":"auto","background-attachment":"scroll","background-type":"","background-media":"","overlay-type":"","overlay-color":"","overlay-opacity":"","overlay-gradient":""}},"footnotes":""},"class_list":["post-150","page","type-page","status-publish","hentry"],"_links":{"self":[{"href":"https:\/\/www.sace.ad\/index.php?rest_route=\/wp\/v2\/pages\/150","targetHints":{"allow":["GET"]}}],"collection":[{"href":"https:\/\/www.sace.ad\/index.php?rest_route=\/wp\/v2\/pages"}],"about":[{"href":"https:\/\/www.sace.ad\/index.php?rest_route=\/wp\/v2\/types\/page"}],"author":[{"embeddable":true,"href":"https:\/\/www.sace.ad\/index.php?rest_route=\/wp\/v2\/users\/1"}],"replies":[{"embeddable":true,"href":"https:\/\/www.sace.ad\/index.php?rest_route=%2Fwp%2Fv2%2Fcomments&post=150"}],"version-history":[{"count":10,"href":"https:\/\/www.sace.ad\/index.php?rest_route=\/wp\/v2\/pages\/150\/revisions"}],"predecessor-version":[{"id":372,"href":"https:\/\/www.sace.ad\/index.php?rest_route=\/wp\/v2\/pages\/150\/revisions\/372"}],"wp:attachment":[{"href":"https:\/\/www.sace.ad\/index.php?rest_route=%2Fwp%2Fv2%2Fmedia&parent=150"}],"curies":[{"name":"wp","href":"https:\/\/api.w.org\/{rel}","templated":true}]}}