{"id":2,"date":"2016-05-10T03:48:21","date_gmt":"2016-05-10T03:48:21","guid":{"rendered":"http:\/\/sace.ad\/?page_id=2"},"modified":"2026-01-15T11:48:07","modified_gmt":"2026-01-15T11:48:07","slug":"sample-page","status":"publish","type":"page","link":"https:\/\/www.sace.ad\/","title":{"rendered":"Sace.AD"},"content":{"rendered":"\t\t<div data-elementor-type=\"wp-page\" data-elementor-id=\"2\" class=\"elementor elementor-2\">\n\t\t\t\t<div class=\"elementor-element elementor-element-60f0a6a6 e-con-full e-flex e-con e-parent\" data-id=\"60f0a6a6\" data-element_type=\"container\">\n\t\t\t\t<div class=\"elementor-element elementor-element-8a2b81d elementor-widget elementor-widget-image\" data-id=\"8a2b81d\" data-element_type=\"widget\" data-widget_type=\"image.default\">\n\t\t\t\t\t\t\t\t\t\t\t\t\t\t\t<img fetchpriority=\"high\" decoding=\"async\" width=\"1200\" height=\"675\" src=\"https:\/\/www.sace.ad\/wp-content\/uploads\/2026\/01\/Andorra-de-nit.jpg\" class=\"attachment-full size-full wp-image-180\" alt=\"\" srcset=\"http:\/\/www.sace.ad\/wp-content\/uploads\/2026\/01\/Andorra-de-nit.jpg 1200w, http:\/\/www.sace.ad\/wp-content\/uploads\/2026\/01\/Andorra-de-nit-300x169.jpg 300w, http:\/\/www.sace.ad\/wp-content\/uploads\/2026\/01\/Andorra-de-nit-1024x576.jpg 1024w, http:\/\/www.sace.ad\/wp-content\/uploads\/2026\/01\/Andorra-de-nit-768x432.jpg 768w\" sizes=\"(max-width: 1200px) 100vw, 1200px\" \/>\t\t\t\t\t\t\t\t\t\t\t\t\t\t\t<\/div>\n\t\t\t\t<div class=\"elementor-element elementor-element-a68baa3 elementor-widget__width-auto elementor-widget elementor-widget-text-editor\" data-id=\"a68baa3\" data-element_type=\"widget\" data-widget_type=\"text-editor.default\">\n\t\t\t\t\t\t\t\t\t<h3><span style=\"color: #ffffff;\">\u00a0<\/span><\/h3><h3><span style=\"color: #ffffff;\">Som una empresa Andorrana d&#8217;enginyeria i instal\u00b7lacions dedicada als sectors Hoteler, Comercial, Industrial, sector P\u00fablic i Energ\u00e8tic d&#8217;Andorra.<\/span><\/h3><div>\u00a0<\/div>\t\t\t\t\t\t\t\t<\/div>\n\t\t\t\t<\/div>\n\t\t<div class=\"elementor-element elementor-element-2d44d1b e-flex e-con-boxed e-con e-parent\" data-id=\"2d44d1b\" data-element_type=\"container\">\n\t\t\t\t\t<div class=\"e-con-inner\">\n\t\t\t\t<div class=\"elementor-element elementor-element-a2f2707 elementor-widget-divider--view-line elementor-widget elementor-widget-divider\" data-id=\"a2f2707\" data-element_type=\"widget\" data-widget_type=\"divider.default\">\n\t\t\t\t\t\t\t<div class=\"elementor-divider\">\n\t\t\t<span class=\"elementor-divider-separator\">\n\t\t\t\t\t\t<\/span>\n\t\t<\/div>\n\t\t\t\t\t\t<\/div>\n\t\t\t\t<div class=\"elementor-element elementor-element-5ebc45f elementor-widget elementor-widget-text-editor\" data-id=\"5ebc45f\" data-element_type=\"widget\" data-widget_type=\"text-editor.default\">\n\t\t\t\t\t\t\t\t\t<h3>Som una empresa d\u2019enginyeria multi-disciplinar d&#8217;Andorra que tamb\u00e9 fem instal\u00b7lacions i mateniment el\u00e8ctric, aigua, aerotermia, instal\u00b7lacions fotovoltaiques, punts de rec\u00e0rrega de vehicle el\u00e8ctric i automatitzaci\u00f3.\u00a0<\/h3>\t\t\t\t\t\t\t\t<\/div>\n\t\t\t\t\t<\/div>\n\t\t\t\t<\/div>\n\t\t<div class=\"elementor-element elementor-element-b74abd9 e-flex e-con-boxed e-con e-parent\" data-id=\"b74abd9\" data-element_type=\"container\">\n\t\t\t\t\t<div class=\"e-con-inner\">\n\t\t\t\t<div class=\"elementor-element elementor-element-26fefe9 elementor-widget-divider--view-line elementor-widget elementor-widget-divider\" data-id=\"26fefe9\" data-element_type=\"widget\" data-widget_type=\"divider.default\">\n\t\t\t\t\t\t\t<div class=\"elementor-divider\">\n\t\t\t<span class=\"elementor-divider-separator\">\n\t\t\t\t\t\t<\/span>\n\t\t<\/div>\n\t\t\t\t\t\t<\/div>\n\t\t\t\t\t<\/div>\n\t\t\t\t<\/div>\n\t\t<div class=\"elementor-element elementor-element-0fe55d5 e-flex e-con-boxed e-con e-parent\" data-id=\"0fe55d5\" data-element_type=\"container\">\n\t\t\t\t\t<div class=\"e-con-inner\">\n\t\t\t\t<div class=\"elementor-element elementor-element-0231f54 elementor-widget elementor-widget-image\" data-id=\"0231f54\" data-element_type=\"widget\" data-widget_type=\"image.default\">\n\t\t\t\t\t\t\t\t\t\t\t\t\t\t\t<img decoding=\"async\" src=\"https:\/\/www.sace.ad\/wp-content\/uploads\/2026\/01\/multisectors.jpg\" title=\"multisectors\" alt=\"multisectors\" loading=\"lazy\" \/>\t\t\t\t\t\t\t\t\t\t\t\t\t\t\t<\/div>\n\t\t\t\t<div class=\"elementor-element elementor-element-b47dcac elementor-position-inline-start elementor-view-default elementor-mobile-position-block-start elementor-widget elementor-widget-icon-box\" data-id=\"b47dcac\" data-element_type=\"widget\" data-widget_type=\"icon-box.default\">\n\t\t\t\t\t\t\t<div class=\"elementor-icon-box-wrapper\">\n\n\t\t\t\t\t\t<div class=\"elementor-icon-box-icon\">\n\t\t\t\t<span  class=\"elementor-icon\">\n\t\t\t\t<svg aria-hidden=\"true\" class=\"e-font-icon-svg e-fas-wrench\" viewBox=\"0 0 512 512\" xmlns=\"http:\/\/www.w3.org\/2000\/svg\"><path d=\"M507.73 109.1c-2.24-9.03-13.54-12.09-20.12-5.51l-74.36 74.36-67.88-11.31-11.31-67.88 74.36-74.36c6.62-6.62 3.43-17.9-5.66-20.16-47.38-11.74-99.55.91-136.58 37.93-39.64 39.64-50.55 97.1-34.05 147.2L18.74 402.76c-24.99 24.99-24.99 65.51 0 90.5 24.99 24.99 65.51 24.99 90.5 0l213.21-213.21c50.12 16.71 107.47 5.68 147.37-34.22 37.07-37.07 49.7-89.32 37.91-136.73zM64 472c-13.25 0-24-10.75-24-24 0-13.26 10.75-24 24-24s24 10.74 24 24c0 13.25-10.75 24-24 24z\"><\/path><\/svg>\t\t\t\t<\/span>\n\t\t\t<\/div>\n\t\t\t\n\t\t\t\t\t\t<div class=\"elementor-icon-box-content\">\n\n\t\t\t\t\t\t\t\t\t<h3 class=\"elementor-icon-box-title\">\n\t\t\t\t\t\t<span  >\n\t\t\t\t\t\t\tAREES DE SERVEI\t\t\t\t\t\t<\/span>\n\t\t\t\t\t<\/h3>\n\t\t\t\t\n\t\t\t\t\n\t\t\t<\/div>\n\t\t\t\n\t\t<\/div>\n\t\t\t\t\t\t<\/div>\n\t\t\t\t<div class=\"elementor-element elementor-element-3dfccec elementor-widget elementor-widget-text-editor\" data-id=\"3dfccec\" data-element_type=\"widget\" data-widget_type=\"text-editor.default\">\n\t\t\t\t\t\t\t\t\t<h3 style=\"padding-left: 40px;\">Enginyeria<\/h3><ul><li style=\"list-style-type: none;\"><ul><li>Enginyeria de proc\u00e9s (Lay-Out, P&amp;ID, Pl\u00e0nols d\u2019implantaci\u00f3, Esquemes el\u00e8ctrics).<\/li><li>Enginyeria de projectes d\u2019energies renovables en els sectors solar fotovoltaica i solar t\u00e8rmica.<\/li><li>Enginyeria per classificaci\u00f3 ATEX i fiabilitzaci\u00f3 de sistemes de seguretat (SIL).<\/li><li>Termografies per manteniment predictiu (Termografics).<\/li><\/ul><\/li><\/ul><h3 style=\"padding-left: 40px;\">Instal\u00b7lacions i manteniment<\/h3><ul><li style=\"list-style-type: none;\"><ul><li>Instal\u00b7lacions de climatitzaci\u00f3.<\/li><li>Instal\u00b7lacions el\u00e8ctriques, hidr\u00e0uliques i manteniment industrial.<\/li><li>Instal\u00b7lacions de control i automatitzaci\u00f3 de processos (PLC i Scada o panells de control HMI).<\/li><li>Instal\u00b7lacions mec\u00e0niques (inoxidable, ferro o pl\u00e0stic).<\/li><li>Instal\u00b7lacions d\u2019aire comprimit.<\/li><li>Telecomunicacions i wifi<\/li><\/ul><\/li><\/ul><h3 style=\"padding-left: 40px;\">Industria 4.0 IOT<\/h3><ul><li style=\"list-style-type: none;\"><ul><li>IOT INTERNET DE LES COSES: M\u00e0quines i dispositius connectats a internet.<\/li><li>MES &#8211; Manufacturing Execution System: Interconnexi\u00f3 de xarxes ERP amb la xarxa industrial. Flux bidireccional de dades.<\/li><li>Comunicacions 4G\/5G i serveis de geolocalitzaci\u00f3 amb actius remots.<\/li><li>Monitoratge remot d&#8217;instalacions.<\/li><li>Serveis de telegesti\u00f3 d\u2019automatitzaci\u00f3 mitjan\u00e7ant VPN industrial.<\/li><\/ul><\/li><\/ul>\t\t\t\t\t\t\t\t<\/div>\n\t\t\t\t\t<\/div>\n\t\t\t\t<\/div>\n\t\t<div class=\"elementor-element elementor-element-dedb771 e-flex e-con-boxed e-con e-parent\" data-id=\"dedb771\" data-element_type=\"container\">\n\t\t\t\t\t<div class=\"e-con-inner\">\n\t\t\t\t<div class=\"elementor-element elementor-element-1d82abe elementor-position-inline-start elementor-view-default elementor-mobile-position-block-start elementor-widget elementor-widget-icon-box\" data-id=\"1d82abe\" data-element_type=\"widget\" data-widget_type=\"icon-box.default\">\n\t\t\t\t\t\t\t<div class=\"elementor-icon-box-wrapper\">\n\n\t\t\t\t\t\t<div class=\"elementor-icon-box-icon\">\n\t\t\t\t<span  class=\"elementor-icon\">\n\t\t\t\t<svg aria-hidden=\"true\" class=\"e-font-icon-svg e-fas-users\" viewBox=\"0 0 640 512\" xmlns=\"http:\/\/www.w3.org\/2000\/svg\"><path d=\"M96 224c35.3 0 64-28.7 64-64s-28.7-64-64-64-64 28.7-64 64 28.7 64 64 64zm448 0c35.3 0 64-28.7 64-64s-28.7-64-64-64-64 28.7-64 64 28.7 64 64 64zm32 32h-64c-17.6 0-33.5 7.1-45.1 18.6 40.3 22.1 68.9 62 75.1 109.4h66c17.7 0 32-14.3 32-32v-32c0-35.3-28.7-64-64-64zm-256 0c61.9 0 112-50.1 112-112S381.9 32 320 32 208 82.1 208 144s50.1 112 112 112zm76.8 32h-8.3c-20.8 10-43.9 16-68.5 16s-47.6-6-68.5-16h-8.3C179.6 288 128 339.6 128 403.2V432c0 26.5 21.5 48 48 48h288c26.5 0 48-21.5 48-48v-28.8c0-63.6-51.6-115.2-115.2-115.2zm-223.7-13.4C161.5 263.1 145.6 256 128 256H64c-35.3 0-64 28.7-64 64v32c0 17.7 14.3 32 32 32h65.9c6.3-47.4 34.9-87.3 75.2-109.4z\"><\/path><\/svg>\t\t\t\t<\/span>\n\t\t\t<\/div>\n\t\t\t\n\t\t\t\t\t\t<div class=\"elementor-icon-box-content\">\n\n\t\t\t\t\t\t\t\t\t<h3 class=\"elementor-icon-box-title\">\n\t\t\t\t\t\t<span  >\n\t\t\t\t\t\t\tEQUIP HUM\u00c0\t\t\t\t\t\t<\/span>\n\t\t\t\t\t<\/h3>\n\t\t\t\t\n\t\t\t\t\n\t\t\t<\/div>\n\t\t\t\n\t\t<\/div>\n\t\t\t\t\t\t<\/div>\n\t\t\t\t<div class=\"elementor-element elementor-element-4393e8b elementor-widget elementor-widget-text-editor\" data-id=\"4393e8b\" data-element_type=\"widget\" data-widget_type=\"text-editor.default\">\n\t\t\t\t\t\t\t\t\t<h2 style=\"padding-left: 40px;\">Departament d&#8217;enginyeria multi-disciplinar (Enginyers i T\u00e8cnics)<\/h2><ul><li style=\"list-style-type: none;\"><ul><li>Industrials<\/li><li>Ponts i camins<\/li><li>Electr\u00f2nics<\/li><li>Inform\u00e0tics<\/li><\/ul><\/li><\/ul><h2 style=\"padding-left: 40px;\">Intal\u00b7lacions industrials (Especialistes i oficials de primera)<\/h2><ul><li style=\"list-style-type: none;\"><ul><li>Electricitat<\/li><li>Mitja tensi\u00f3<\/li><li>Fontaneria<\/li><li>Soldadors<\/li><li>Aerotermia<\/li><li>Fotovolta\u00efca<\/li><li>Termograf\u00eda<\/li><\/ul><\/li><\/ul><h2 style=\"padding-left: 40px;\">Industria 4.0 &#8211; IOT<\/h2><ul><li style=\"list-style-type: none;\"><ul><li>Enginyers inform\u00e0tics<\/li><li>Programadors industrials PLC i Scada<\/li><li>Programadors de IOT<\/li><\/ul><\/li><\/ul>\t\t\t\t\t\t\t\t<\/div>\n\t\t\t\t<div class=\"elementor-element elementor-element-13271e7 elementor-position-inline-start elementor-view-default elementor-mobile-position-block-start elementor-widget elementor-widget-icon-box\" data-id=\"13271e7\" data-element_type=\"widget\" data-widget_type=\"icon-box.default\">\n\t\t\t\t\t\t\t<div class=\"elementor-icon-box-wrapper\">\n\n\t\t\t\t\t\t<div class=\"elementor-icon-box-icon\">\n\t\t\t\t<span  class=\"elementor-icon\">\n\t\t\t\t<svg aria-hidden=\"true\" class=\"e-font-icon-svg e-fas-exclamation-circle\" viewBox=\"0 0 512 512\" xmlns=\"http:\/\/www.w3.org\/2000\/svg\"><path d=\"M504 256c0 136.997-111.043 248-248 248S8 392.997 8 256C8 119.083 119.043 8 256 8s248 111.083 248 248zm-248 50c-25.405 0-46 20.595-46 46s20.595 46 46 46 46-20.595 46-46-20.595-46-46-46zm-43.673-165.346l7.418 136c.347 6.364 5.609 11.346 11.982 11.346h48.546c6.373 0 11.635-4.982 11.982-11.346l7.418-136c.375-6.874-5.098-12.654-11.982-12.654h-63.383c-6.884 0-12.356 5.78-11.981 12.654z\"><\/path><\/svg>\t\t\t\t<\/span>\n\t\t\t<\/div>\n\t\t\t\n\t\t\t\t\t\t<div class=\"elementor-icon-box-content\">\n\n\t\t\t\t\t\t\t\t\t<h3 class=\"elementor-icon-box-title\">\n\t\t\t\t\t\t<span  >\n\t\t\t\t\t\t\tEl nostre equip hum\u00e0 t\u00e9 expertesa en l\u2019aplicaci\u00f3 de normes SIL (Safety Integrity Level), en hardware i software, aplicades seguint les directives europees ATEX (Atmosferes Explosives) tant en atmosferes de gas explosives com en atmosferes amb pols explosiu. Entreguem una Certificaci\u00f3 SIL, emesa per un Organisme Notificat.\t\t\t\t\t\t<\/span>\n\t\t\t\t\t<\/h3>\n\t\t\t\t\n\t\t\t\t\n\t\t\t<\/div>\n\t\t\t\n\t\t<\/div>\n\t\t\t\t\t\t<\/div>\n\t\t\t\t\t<\/div>\n\t\t\t\t<\/div>\n\t\t<div class=\"elementor-element elementor-element-9d1491c e-flex e-con-boxed e-con e-parent\" data-id=\"9d1491c\" data-element_type=\"container\">\n\t\t\t\t\t<div class=\"e-con-inner\">\n\t\t\t\t<div class=\"elementor-element elementor-element-cc7423b elementor-position-inline-start elementor-view-default elementor-mobile-position-block-start elementor-widget elementor-widget-icon-box\" data-id=\"cc7423b\" data-element_type=\"widget\" data-widget_type=\"icon-box.default\">\n\t\t\t\t\t\t\t<div class=\"elementor-icon-box-wrapper\">\n\n\t\t\t\t\t\t<div class=\"elementor-icon-box-icon\">\n\t\t\t\t<span  class=\"elementor-icon\">\n\t\t\t\t<svg aria-hidden=\"true\" class=\"e-font-icon-svg e-fas-industry\" viewBox=\"0 0 512 512\" xmlns=\"http:\/\/www.w3.org\/2000\/svg\"><path d=\"M475.115 163.781L336 252.309v-68.28c0-18.916-20.931-30.399-36.885-20.248L160 252.309V56c0-13.255-10.745-24-24-24H24C10.745 32 0 42.745 0 56v400c0 13.255 10.745 24 24 24h464c13.255 0 24-10.745 24-24V184.029c0-18.917-20.931-30.399-36.885-20.248z\"><\/path><\/svg>\t\t\t\t<\/span>\n\t\t\t<\/div>\n\t\t\t\n\t\t\t\t\t\t<div class=\"elementor-icon-box-content\">\n\n\t\t\t\t\t\t\t\t\t<h3 class=\"elementor-icon-box-title\">\n\t\t\t\t\t\t<span  >\n\t\t\t\t\t\t\tSECTORS\t\t\t\t\t\t<\/span>\n\t\t\t\t\t<\/h3>\n\t\t\t\t\n\t\t\t\t\n\t\t\t<\/div>\n\t\t\t\n\t\t<\/div>\n\t\t\t\t\t\t<\/div>\n\t\t\t\t<div class=\"elementor-element elementor-element-c7d1502 elementor-widget elementor-widget-text-editor\" data-id=\"c7d1502\" data-element_type=\"widget\" data-widget_type=\"text-editor.default\">\n\t\t\t\t\t\t\t\t\t<ul><li style=\"list-style-type: none;\"><ul><li>Hotels<\/li><li>Sector comercial i grans superf\u00edcies<\/li><li>Industria<\/li><li>Sector qu\u00edmic, farmac\u00e8utic i cosm\u00e8tica<\/li><li>Sector alimentari<\/li><li>Sector energ\u00e8tic i Centrals nuclears<\/li><li>Telecomunicacions<\/li><li>Automoci\u00f3 i petro-qu\u00edmic<\/li><\/ul><\/li><\/ul>\t\t\t\t\t\t\t\t<\/div>\n\t\t\t\t\t<\/div>\n\t\t\t\t<\/div>\n\t\t\t\t<\/div>\n\t\t","protected":false},"excerpt":{"rendered":"<p>\u00a0 Som una empresa Andorrana d&#8217;enginyeria i instal\u00b7lacions dedicada als sectors Hoteler, Comercial, Industrial, sector P\u00fablic i Energ\u00e8tic d&#8217;Andorra. \u00a0 [&hellip;]<\/p>\n","protected":false},"author":1,"featured_media":40,"parent":0,"menu_order":0,"comment_status":"closed","ping_status":"open","template":"","meta":{"site-sidebar-layout":"default","site-content-layout":"","ast-site-content-layout":"default","site-content-style":"default","site-sidebar-style":"default","ast-global-header-display":"","ast-banner-title-visibility":"","ast-main-header-display":"","ast-hfb-above-header-display":"","ast-hfb-below-header-display":"","ast-hfb-mobile-header-display":"","site-post-title":"","ast-breadcrumbs-content":"","ast-featured-img":"","footer-sml-layout":"","ast-disable-related-posts":"","theme-transparent-header-meta":"","adv-header-id-meta":"","stick-header-meta":"","header-above-stick-meta":"","header-main-stick-meta":"","header-below-stick-meta":"","astra-migrate-meta-layouts":"default","ast-page-background-enabled":"default","ast-page-background-meta":{"desktop":{"background-color":"var(--ast-global-color-5)","background-image":"","background-repeat":"repeat","background-position":"center center","background-size":"auto","background-attachment":"scroll","background-type":"","background-media":"","overlay-type":"","overlay-color":"","overlay-opacity":"","overlay-gradient":""},"tablet":{"background-color":"","background-image":"","background-repeat":"repeat","background-position":"center center","background-size":"auto","background-attachment":"scroll","background-type":"","background-media":"","overlay-type":"","overlay-color":"","overlay-opacity":"","overlay-gradient":""},"mobile":{"background-color":"","background-image":"","background-repeat":"repeat","background-position":"center center","background-size":"auto","background-attachment":"scroll","background-type":"","background-media":"","overlay-type":"","overlay-color":"","overlay-opacity":"","overlay-gradient":""}},"ast-content-background-meta":{"desktop":{"background-color":"var(--ast-global-color-4)","background-image":"","background-repeat":"repeat","background-position":"center center","background-size":"auto","background-attachment":"scroll","background-type":"","background-media":"","overlay-type":"","overlay-color":"","overlay-opacity":"","overlay-gradient":""},"tablet":{"background-color":"var(--ast-global-color-4)","background-image":"","background-repeat":"repeat","background-position":"center center","background-size":"auto","background-attachment":"scroll","background-type":"","background-media":"","overlay-type":"","overlay-color":"","overlay-opacity":"","overlay-gradient":""},"mobile":{"background-color":"var(--ast-global-color-4)","background-image":"","background-repeat":"repeat","background-position":"center center","background-size":"auto","background-attachment":"scroll","background-type":"","background-media":"","overlay-type":"","overlay-color":"","overlay-opacity":"","overlay-gradient":""}},"footnotes":""},"class_list":["post-2","page","type-page","status-publish","has-post-thumbnail","hentry"],"_links":{"self":[{"href":"https:\/\/www.sace.ad\/index.php?rest_route=\/wp\/v2\/pages\/2","targetHints":{"allow":["GET"]}}],"collection":[{"href":"https:\/\/www.sace.ad\/index.php?rest_route=\/wp\/v2\/pages"}],"about":[{"href":"https:\/\/www.sace.ad\/index.php?rest_route=\/wp\/v2\/types\/page"}],"author":[{"embeddable":true,"href":"https:\/\/www.sace.ad\/index.php?rest_route=\/wp\/v2\/users\/1"}],"replies":[{"embeddable":true,"href":"https:\/\/www.sace.ad\/index.php?rest_route=%2Fwp%2Fv2%2Fcomments&post=2"}],"version-history":[{"count":85,"href":"https:\/\/www.sace.ad\/index.php?rest_route=\/wp\/v2\/pages\/2\/revisions"}],"predecessor-version":[{"id":443,"href":"https:\/\/www.sace.ad\/index.php?rest_route=\/wp\/v2\/pages\/2\/revisions\/443"}],"wp:featuredmedia":[{"embeddable":true,"href":"https:\/\/www.sace.ad\/index.php?rest_route=\/wp\/v2\/media\/40"}],"wp:attachment":[{"href":"https:\/\/www.sace.ad\/index.php?rest_route=%2Fwp%2Fv2%2Fmedia&parent=2"}],"curies":[{"name":"wp","href":"https:\/\/api.w.org\/{rel}","templated":true}]}}